{"id":7292,"date":"2023-01-21T13:35:00","date_gmt":"2023-01-21T10:35:00","guid":{"rendered":"https:\/\/etkasmile.com\/online-danismanlik\/"},"modified":"2025-09-26T14:27:30","modified_gmt":"2025-09-26T11:27:30","slug":"online-danismanlik","status":"publish","type":"page","link":"https:\/\/etkasmile.com\/ru\/online-danismanlik\/","title":{"rendered":"Online Consulting"},"content":{"rendered":"\t\t<div data-elementor-type=\"wp-page\" data-elementor-id=\"7292\" class=\"elementor elementor-7292 elementor-1947\" data-elementor-post-type=\"page\">\n\t\t\t\t\t\t<section class=\"elementor-section elementor-top-section elementor-element elementor-element-5cefa73 elementor-section-boxed elementor-section-height-default elementor-section-height-default\" data-id=\"5cefa73\" data-element_type=\"section\">\n\t\t\t\t\t\t<div class=\"elementor-container elementor-column-gap-no\">\n\t\t\t\t\t<div class=\"elementor-column elementor-col-100 elementor-top-column elementor-element elementor-element-8732aa9\" data-id=\"8732aa9\" data-element_type=\"column\">\n\t\t\t<div class=\"elementor-widget-wrap elementor-element-populated\">\n\t\t\t\t\t\t<div class=\"elementor-element elementor-element-31ead5f elementor-button-align-stretch elementor-widget elementor-widget-form\" data-id=\"31ead5f\" data-element_type=\"widget\" data-settings=\"{&quot;step_next_label&quot;:&quot;Next&quot;,&quot;step_previous_label&quot;:&quot;Previous&quot;,&quot;button_width&quot;:&quot;100&quot;,&quot;step_type&quot;:&quot;number_text&quot;,&quot;step_icon_shape&quot;:&quot;circle&quot;}\" data-widget_type=\"form.default\">\n\t\t\t\t<div class=\"elementor-widget-container\">\n\t\t\t\t\t\t\t<form class=\"elementor-form\" method=\"post\" name=\"New Form\" aria-label=\"New Form\">\n\t\t\t<input type=\"hidden\" name=\"post_id\" value=\"7292\"\/>\n\t\t\t<input type=\"hidden\" name=\"form_id\" value=\"31ead5f\"\/>\n\t\t\t<input type=\"hidden\" name=\"referer_title\" value=\"Etka Smile\" \/>\n\n\t\t\t\n\t\t\t<div class=\"elementor-form-fields-wrapper elementor-labels-above\">\n\t\t\t\t\t\t\t\t<div class=\"elementor-field-type-text elementor-field-group elementor-column elementor-field-group-name elementor-col-50 elementor-field-required\">\n\t\t\t\t\t\t\t\t\t\t\t\t<label for=\"form-field-name\" class=\"elementor-field-label\">\n\t\t\t\t\t\t\t\t\u0418\u043c\u044f \u0424\u0430\u043c\u0438\u043b\u0438\u044f\t\t\t\t\t\t\t<\/label>\n\t\t\t\t\t\t\t\t\t\t\t\t\t\t<input size=\"1\" type=\"text\" name=\"form_fields[name]\" id=\"form-field-name\" class=\"elementor-field elementor-size-sm  elementor-field-textual\" placeholder=\"\u0418\u043c\u044f \u0424\u0430\u043c\u0438\u043b\u0438\u044f\" required=\"required\">\n\t\t\t\t\t\t\t\t\t\t\t<\/div>\n\t\t\t\t\t\t\t\t<div class=\"elementor-field-type-tel elementor-field-group elementor-column elementor-field-group-email elementor-col-50 elementor-field-required\">\n\t\t\t\t\t\t\t\t\t\t\t\t<label for=\"form-field-email\" class=\"elementor-field-label\">\n\t\t\t\t\t\t\t\t\u0422\u0435\u043b\u0435\u0444\u043e\u043d\t\t\t\t\t\t\t<\/label>\n\t\t\t\t\t\t\t\t<input size=\"1\" type=\"tel\" name=\"form_fields[email]\" id=\"form-field-email\" class=\"elementor-field elementor-size-sm  elementor-field-textual\" placeholder=\"\u0422\u0435\u043b\u0435\u0444\u043e\u043d\" required=\"required\" pattern=\"[0-9()#&amp;+*-=.]+\" title=\"\u041f\u0440\u0438\u043d\u0438\u043c\u0430\u044e\u0442\u0441\u044f \u0442\u043e\u043b\u044c\u043a\u043e \u0446\u0438\u0444\u0440\u044b \u0438 \u0442\u0435\u043b\u0435\u0444\u043e\u043d\u043d\u044b\u0435 \u0441\u0438\u043c\u0432\u043e\u043b\u044b (#, -, * \u0438 \u0442. \u0434.).\">\n\n\t\t\t\t\t\t<\/div>\n\t\t\t\t\t\t\t\t<div class=\"elementor-field-type-email elementor-field-group elementor-column elementor-field-group-field_4b023a5 elementor-col-50 elementor-field-required\">\n\t\t\t\t\t\t\t\t\t\t\t\t<label for=\"form-field-field_4b023a5\" class=\"elementor-field-label\">\n\t\t\t\t\t\t\t\t\u042d\u043b\u0435\u043a\u0442\u0440\u043e\u043d\u043d\u0430\u044f \u043f\u043e\u0447\u0442\u0430\t\t\t\t\t\t\t<\/label>\n\t\t\t\t\t\t\t\t\t\t\t\t\t\t<input size=\"1\" type=\"email\" name=\"form_fields[field_4b023a5]\" id=\"form-field-field_4b023a5\" class=\"elementor-field elementor-size-sm  elementor-field-textual\" placeholder=\"\u042d\u043b\u0435\u043a\u0442\u0440\u043e\u043d\u043d\u0430\u044f \u043f\u043e\u0447\u0442\u0430\" required=\"required\">\n\t\t\t\t\t\t\t\t\t\t\t<\/div>\n\t\t\t\t\t\t\t\t<div class=\"elementor-field-type-date elementor-field-group elementor-column elementor-field-group-field_f2a76b0 elementor-col-25 elementor-field-required\">\n\t\t\t\t\t\t\t\t\t\t\t\t<label for=\"form-field-field_f2a76b0\" class=\"elementor-field-label\">\n\t\t\t\t\t\t\t\t\u0414\u0430\u0442\u0430 \u0440\u043e\u0436\u0434\u0435\u043d\u0438\u044f\t\t\t\t\t\t\t<\/label>\n\t\t\t\t\t\t\n\t\t<input type=\"date\" name=\"form_fields[field_f2a76b0]\" id=\"form-field-field_f2a76b0\" class=\"elementor-field elementor-size-sm  elementor-field-textual elementor-date-field\" placeholder=\"\u0414\u0430\u0442\u0430 \u0440\u043e\u0436\u0434\u0435\u043d\u0438\u044f\" required=\"required\" pattern=\"[0-9]{4}-[0-9]{2}-[0-9]{2}\">\n\t\t\t\t\t\t<\/div>\n\t\t\t\t\t\t\t\t<div class=\"elementor-field-type-radio elementor-field-group elementor-column elementor-field-group-field_767cb46 elementor-col-25 elementor-field-required\">\n\t\t\t\t\t\t\t\t\t\t\t\t<label for=\"form-field-field_767cb46\" class=\"elementor-field-label\">\n\t\t\t\t\t\t\t\t\u041f\u043e\u043b \t\t\t\t\t\t\t<\/label>\n\t\t\t\t\t\t<div class=\"elementor-field-subgroup  \"><span class=\"elementor-field-option\"><input type=\"radio\" value=\"\u0416\u0435\u043d\u0441\u043a\u0438\u0439\" id=\"form-field-field_767cb46-0\" name=\"form_fields[field_767cb46]\" required=\"required\"> <label for=\"form-field-field_767cb46-0\">\u0416\u0435\u043d\u0441\u043a\u0438\u0439<\/label><\/span><span class=\"elementor-field-option\"><input type=\"radio\" value=\"\u041c\u0443\u0436\u0441\u043a\u043e\u0439 \" id=\"form-field-field_767cb46-1\" name=\"form_fields[field_767cb46]\" required=\"required\"> <label for=\"form-field-field_767cb46-1\">\u041c\u0443\u0436\u0441\u043a\u043e\u0439 <\/label><\/span><\/div>\t\t\t\t<\/div>\n\t\t\t\t\t\t\t\t<div class=\"elementor-field-type-upload elementor-field-group elementor-column elementor-field-group-field_333cb47 elementor-col-100\">\n\t\t\t\t\t\t\t\t\t\t\t\t<label for=\"form-field-field_333cb47\" class=\"elementor-field-label\">\n\t\t\t\t\t\t\t\t\u0424\u043e\u0442\u043e\u0433\u0440\u0430\u0444\u0438\u044f \u0440\u043e\u0442\u043e\u0432\u043e\u0439 \u043f\u043e\u043b\u043e\u0441\u0442\u0438\t\t\t\t\t\t\t<\/label>\n\t\t\t\t\t\t\t\t<input type=\"file\" name=\"form_fields[field_333cb47][]\" id=\"form-field-field_333cb47\" class=\"elementor-field elementor-size-sm  elementor-upload-field\" multiple=\"multiple\" data-maxsize=\"5\" data-maxsize-message=\"\u042d\u0442\u043e\u0442 \u0444\u0430\u0439\u043b \u043f\u0440\u0435\u0432\u044b\u0448\u0430\u0435\u0442 \u043c\u0430\u043a\u0441\u0438\u043c\u0430\u043b\u044c\u043d\u043e \u0434\u043e\u043f\u0443\u0441\u0442\u0438\u043c\u044b\u0439 \u0440\u0430\u0437\u043c\u0435\u0440.\">\n\n\t\t\t\t\t\t<\/div>\n\t\t\t\t\t\t\t\t<div class=\"elementor-field-type-textarea elementor-field-group elementor-column elementor-field-group-message elementor-col-100\">\n\t\t\t\t\t\t\t\t\t\t\t\t<label for=\"form-field-message\" class=\"elementor-field-label\">\n\t\t\t\t\t\t\t\t\u0412\u0430\u0448\u0435 \u0441\u043e\u043e\u0431\u0449\u0435\u043d\u0438\u0435\t\t\t\t\t\t\t<\/label>\n\t\t\t\t\t\t<textarea class=\"elementor-field-textual elementor-field  elementor-size-sm\" name=\"form_fields[message]\" id=\"form-field-message\" rows=\"4\" placeholder=\"\u0412\u0430\u0448\u0435 \u0441\u043e\u043e\u0431\u0449\u0435\u043d\u0438\u0435\"><\/textarea>\t\t\t\t<\/div>\n\t\t\t\t\t\t\t\t<div class=\"elementor-field-group elementor-column elementor-field-type-submit elementor-col-100 e-form__buttons\">\n\t\t\t\t\t<button class=\"elementor-button elementor-size-sm\" type=\"submit\">\n\t\t\t\t\t\t<span class=\"elementor-button-content-wrapper\">\n\t\t\t\t\t\t\t\t\t\t\t\t\t\t\t\t\t\t\t\t\t\t<span class=\"elementor-button-text\">\u041e\u0442\u043f\u0440\u0430\u0432\u0438\u0442\u044c<\/span>\n\t\t\t\t\t\t\t\t\t\t\t\t\t<\/span>\n\t\t\t\t\t<\/button>\n\t\t\t\t<\/div>\n\t\t\t<\/div>\n\t\t<\/form>\n\t\t\t\t\t\t<\/div>\n\t\t\t\t<\/div>\n\t\t\t\t\t<\/div>\n\t\t<\/div>\n\t\t\t\t\t<\/div>\n\t\t<\/section>\n\t\t\t\t<\/div>\n\t\t","protected":false},"excerpt":{"rendered":"","protected":false},"author":1,"featured_media":0,"parent":0,"menu_order":0,"comment_status":"closed","ping_status":"closed","template":"page-builder.php","meta":{"footnotes":""},"class_list":["post-7292","page","type-page","status-publish","hentry"],"yoast_head":"<!-- This site is optimized with the Yoast SEO plugin v26.0 - https:\/\/yoast.com\/wordpress\/plugins\/seo\/ -->\n<title>Online Consulting - Etka Smile<\/title>\n<meta name=\"robots\" content=\"index, follow, max-snippet:-1, max-image-preview:large, max-video-preview:-1\" \/>\n<link rel=\"canonical\" href=\"https:\/\/etkasmile.com\/online-danismanlik\/\" \/>\n<meta property=\"og:locale\" content=\"ru_RU\" \/>\n<meta property=\"og:type\" content=\"article\" \/>\n<meta property=\"og:title\" content=\"Online Consulting - Etka Smile\" \/>\n<meta property=\"og:url\" content=\"https:\/\/etkasmile.com\/online-danismanlik\/\" \/>\n<meta property=\"og:site_name\" content=\"Etka Smile\" \/>\n<meta property=\"article:publisher\" content=\"https:\/\/www.facebook.com\/profile.php?id=100081589664908\" \/>\n<meta property=\"article:modified_time\" content=\"2025-09-26T11:27:30+00:00\" \/>\n<meta name=\"twitter:card\" content=\"summary_large_image\" \/>\n<meta name=\"twitter:label1\" content=\"\u041f\u0440\u0438\u043c\u0435\u0440\u043d\u043e\u0435 \u0432\u0440\u0435\u043c\u044f \u0434\u043b\u044f \u0447\u0442\u0435\u043d\u0438\u044f\" \/>\n\t<meta name=\"twitter:data1\" content=\"1 \u043c\u0438\u043d\u0443\u0442\u0430\" \/>\n<script type=\"application\/ld+json\" class=\"yoast-schema-graph\">{\"@context\":\"https:\/\/schema.org\",\"@graph\":[{\"@type\":\"WebPage\",\"@id\":\"https:\/\/etkasmile.com\/online-danismanlik\/\",\"url\":\"https:\/\/etkasmile.com\/online-danismanlik\/\",\"name\":\"Online Consulting - Etka Smile\",\"isPartOf\":{\"@id\":\"https:\/\/etkasmile.com\/#website\"},\"datePublished\":\"2023-01-21T10:35:00+00:00\",\"dateModified\":\"2025-09-26T11:27:30+00:00\",\"breadcrumb\":{\"@id\":\"https:\/\/etkasmile.com\/online-danismanlik\/#breadcrumb\"},\"inLanguage\":\"ru-RU\",\"potentialAction\":[{\"@type\":\"ReadAction\",\"target\":[\"https:\/\/etkasmile.com\/online-danismanlik\/\"]}]},{\"@type\":\"BreadcrumbList\",\"@id\":\"https:\/\/etkasmile.com\/online-danismanlik\/#breadcrumb\",\"itemListElement\":[{\"@type\":\"ListItem\",\"position\":1,\"name\":\"Anasayfa\",\"item\":\"https:\/\/etkasmile.com\/\"},{\"@type\":\"ListItem\",\"position\":2,\"name\":\"Online Consulting\"}]},{\"@type\":\"WebSite\",\"@id\":\"https:\/\/etkasmile.com\/#website\",\"url\":\"https:\/\/etkasmile.com\/\",\"name\":\"Etka Smile\",\"description\":\"G\u00fcl\u00fc\u015f\u00fcn\u00fcz Bizim En B\u00fcy\u00fck Ba\u015far\u0131m\u0131z\",\"publisher\":{\"@id\":\"https:\/\/etkasmile.com\/#organization\"},\"potentialAction\":[{\"@type\":\"SearchAction\",\"target\":{\"@type\":\"EntryPoint\",\"urlTemplate\":\"https:\/\/etkasmile.com\/?s={search_term_string}\"},\"query-input\":{\"@type\":\"PropertyValueSpecification\",\"valueRequired\":true,\"valueName\":\"search_term_string\"}}],\"inLanguage\":\"ru-RU\"},{\"@type\":\"Organization\",\"@id\":\"https:\/\/etkasmile.com\/#organization\",\"name\":\"Etka Smile\",\"url\":\"https:\/\/etkasmile.com\/\",\"logo\":{\"@type\":\"ImageObject\",\"inLanguage\":\"ru-RU\",\"@id\":\"https:\/\/etkasmile.com\/#\/schema\/logo\/image\/\",\"url\":\"https:\/\/etkasmile.com\/wp-content\/uploads\/2023\/08\/Asset-4.png\",\"contentUrl\":\"https:\/\/etkasmile.com\/wp-content\/uploads\/2023\/08\/Asset-4.png\",\"width\":2202,\"height\":507,\"caption\":\"Etka Smile\"},\"image\":{\"@id\":\"https:\/\/etkasmile.com\/#\/schema\/logo\/image\/\"},\"sameAs\":[\"https:\/\/www.facebook.com\/profile.php?id=100081589664908\",\"https:\/\/www.instagram.com\/manavgat.disklinigi\/\"]}]}<\/script>\n<!-- \/ Yoast SEO plugin. -->","yoast_head_json":{"title":"Online Consulting - Etka Smile","robots":{"index":"index","follow":"follow","max-snippet":"max-snippet:-1","max-image-preview":"max-image-preview:large","max-video-preview":"max-video-preview:-1"},"canonical":"https:\/\/etkasmile.com\/online-danismanlik\/","og_locale":"ru_RU","og_type":"article","og_title":"Online Consulting - Etka Smile","og_url":"https:\/\/etkasmile.com\/online-danismanlik\/","og_site_name":"Etka Smile","article_publisher":"https:\/\/www.facebook.com\/profile.php?id=100081589664908","article_modified_time":"2025-09-26T11:27:30+00:00","twitter_card":"summary_large_image","twitter_misc":{"\u041f\u0440\u0438\u043c\u0435\u0440\u043d\u043e\u0435 \u0432\u0440\u0435\u043c\u044f \u0434\u043b\u044f \u0447\u0442\u0435\u043d\u0438\u044f":"1 \u043c\u0438\u043d\u0443\u0442\u0430"},"schema":{"@context":"https:\/\/schema.org","@graph":[{"@type":"WebPage","@id":"https:\/\/etkasmile.com\/online-danismanlik\/","url":"https:\/\/etkasmile.com\/online-danismanlik\/","name":"Online Consulting - Etka Smile","isPartOf":{"@id":"https:\/\/etkasmile.com\/#website"},"datePublished":"2023-01-21T10:35:00+00:00","dateModified":"2025-09-26T11:27:30+00:00","breadcrumb":{"@id":"https:\/\/etkasmile.com\/online-danismanlik\/#breadcrumb"},"inLanguage":"ru-RU","potentialAction":[{"@type":"ReadAction","target":["https:\/\/etkasmile.com\/online-danismanlik\/"]}]},{"@type":"BreadcrumbList","@id":"https:\/\/etkasmile.com\/online-danismanlik\/#breadcrumb","itemListElement":[{"@type":"ListItem","position":1,"name":"Anasayfa","item":"https:\/\/etkasmile.com\/"},{"@type":"ListItem","position":2,"name":"Online Consulting"}]},{"@type":"WebSite","@id":"https:\/\/etkasmile.com\/#website","url":"https:\/\/etkasmile.com\/","name":"Etka Smile","description":"G\u00fcl\u00fc\u015f\u00fcn\u00fcz Bizim En B\u00fcy\u00fck Ba\u015far\u0131m\u0131z","publisher":{"@id":"https:\/\/etkasmile.com\/#organization"},"potentialAction":[{"@type":"SearchAction","target":{"@type":"EntryPoint","urlTemplate":"https:\/\/etkasmile.com\/?s={search_term_string}"},"query-input":{"@type":"PropertyValueSpecification","valueRequired":true,"valueName":"search_term_string"}}],"inLanguage":"ru-RU"},{"@type":"Organization","@id":"https:\/\/etkasmile.com\/#organization","name":"Etka Smile","url":"https:\/\/etkasmile.com\/","logo":{"@type":"ImageObject","inLanguage":"ru-RU","@id":"https:\/\/etkasmile.com\/#\/schema\/logo\/image\/","url":"https:\/\/etkasmile.com\/wp-content\/uploads\/2023\/08\/Asset-4.png","contentUrl":"https:\/\/etkasmile.com\/wp-content\/uploads\/2023\/08\/Asset-4.png","width":2202,"height":507,"caption":"Etka Smile"},"image":{"@id":"https:\/\/etkasmile.com\/#\/schema\/logo\/image\/"},"sameAs":["https:\/\/www.facebook.com\/profile.php?id=100081589664908","https:\/\/www.instagram.com\/manavgat.disklinigi\/"]}]}},"_links":{"self":[{"href":"https:\/\/etkasmile.com\/ru\/wp-json\/wp\/v2\/pages\/7292","targetHints":{"allow":["GET"]}}],"collection":[{"href":"https:\/\/etkasmile.com\/ru\/wp-json\/wp\/v2\/pages"}],"about":[{"href":"https:\/\/etkasmile.com\/ru\/wp-json\/wp\/v2\/types\/page"}],"author":[{"embeddable":true,"href":"https:\/\/etkasmile.com\/ru\/wp-json\/wp\/v2\/users\/1"}],"replies":[{"embeddable":true,"href":"https:\/\/etkasmile.com\/ru\/wp-json\/wp\/v2\/comments?post=7292"}],"version-history":[{"count":21,"href":"https:\/\/etkasmile.com\/ru\/wp-json\/wp\/v2\/pages\/7292\/revisions"}],"predecessor-version":[{"id":9458,"href":"https:\/\/etkasmile.com\/ru\/wp-json\/wp\/v2\/pages\/7292\/revisions\/9458"}],"wp:attachment":[{"href":"https:\/\/etkasmile.com\/ru\/wp-json\/wp\/v2\/media?parent=7292"}],"curies":[{"name":"wp","href":"https:\/\/api.w.org\/{rel}","templated":true}]}}