{"id":7043,"date":"2023-01-21T13:34:41","date_gmt":"2023-01-21T10:34:41","guid":{"rendered":"https:\/\/etkasmile.com\/iletisim\/"},"modified":"2023-10-26T02:04:00","modified_gmt":"2023-10-25T23:04:00","slug":"iletisim","status":"publish","type":"page","link":"https:\/\/etkasmile.com\/en\/iletisim\/","title":{"rendered":"Contact"},"content":{"rendered":"\t\t<div data-elementor-type=\"wp-page\" data-elementor-id=\"7043\" class=\"elementor elementor-7043 elementor-1948\" data-elementor-post-type=\"page\">\n\t\t\t\t\t\t<section class=\"elementor-section elementor-top-section elementor-element elementor-element-e625f87 elementor-section-full_width elementor-section-height-default elementor-section-height-default\" data-id=\"e625f87\" data-element_type=\"section\">\n\t\t\t\t\t\t<div class=\"elementor-container elementor-column-gap-default\">\n\t\t\t\t\t<div class=\"elementor-column elementor-col-100 elementor-top-column elementor-element elementor-element-05ddedf\" data-id=\"05ddedf\" data-element_type=\"column\">\n\t\t\t<div class=\"elementor-widget-wrap elementor-element-populated\">\n\t\t\t\t\t\t<div class=\"elementor-element elementor-element-e58f0f6 elementor-widget elementor-widget-contact-form\" data-id=\"e58f0f6\" data-element_type=\"widget\" data-widget_type=\"contact-form.default\">\n\t\t\t\t<div class=\"elementor-widget-container\">\n\t\t\t\t\t                    <div class=\"contact__page section-padding pb-0\">\r\n                <div class=\"container\">\r\n                    <div class=\"row\">\r\n                        <div class=\"col-xl-5 col-lg-5 order-last order-lg-first\">\r\n                            <div class=\"contact__page-form\">\r\n                                \n<div class=\"wpcf7 no-js\" id=\"wpcf7-f7285-o1\" lang=\"tr-TR\" dir=\"ltr\" data-wpcf7-id=\"7285\">\n<div class=\"screen-reader-response\"><p role=\"status\" aria-live=\"polite\" aria-atomic=\"true\"><\/p> <ul><\/ul><\/div>\n<form action=\"\/en\/wp-json\/wp\/v2\/pages\/7043#wpcf7-f7285-o1\" method=\"post\" class=\"wpcf7-form init\" aria-label=\"\u0130leti\u015fim Formu\" novalidate=\"novalidate\" data-status=\"init\">\n<fieldset class=\"hidden-fields-container\"><input type=\"hidden\" name=\"_wpcf7\" value=\"7285\" \/><input type=\"hidden\" name=\"_wpcf7_version\" value=\"6.1.1\" \/><input type=\"hidden\" name=\"_wpcf7_locale\" value=\"tr_TR\" \/><input type=\"hidden\" name=\"_wpcf7_unit_tag\" value=\"wpcf7-f7285-o1\" \/><input type=\"hidden\" name=\"_wpcf7_container_post\" value=\"0\" \/><input type=\"hidden\" name=\"_wpcf7_posted_data_hash\" value=\"\" \/><input type=\"hidden\" name=\"_wpcf7_recaptcha_response\" value=\"\" \/>\n<\/fieldset>\n<h3 class=\"mb-30\">Contact us<\/h3>\n<div class=\"row\">\n<div class=\"col-sm-12 mb-20\">\n<span class=\"wpcf7-form-control-wrap\" data-name=\"text-270\"><input size=\"40\" maxlength=\"400\" class=\"wpcf7-form-control wpcf7-text wpcf7-validates-as-required\" aria-required=\"true\" aria-invalid=\"false\" placeholder=\"Name Surname\" value=\"\" type=\"text\" name=\"text-270\" \/><\/span>\n<\/div>\n\n<div class=\"col-sm-12 mb-20\">\n<span class=\"wpcf7-form-control-wrap\" data-name=\"email-351\"><input size=\"40\" maxlength=\"400\" class=\"wpcf7-form-control wpcf7-email wpcf7-validates-as-required wpcf7-text wpcf7-validates-as-email\" aria-required=\"true\" aria-invalid=\"false\" placeholder=\"E-Mail\" value=\"\" type=\"email\" name=\"email-351\" \/><\/span>\n<\/div>\n\n<div class=\"col-sm-12 mb-30\">\n\n<span class=\"wpcf7-form-control-wrap\" data-name=\"textarea-695\"><textarea cols=\"40\" rows=\"10\" maxlength=\"2000\" class=\"wpcf7-form-control wpcf7-textarea wpcf7-validates-as-required\" aria-required=\"true\" aria-invalid=\"false\" placeholder=\"Your message\" name=\"textarea-695\"><\/textarea><\/span>\n<\/div>\n\n  <div class=\"col-lg-12\">\n    <div class=\"contact__page-form-item\">\n      <button class=\"btn-one\" type=\"G\u00f6nder\">\n        Submit<i class=\"far fa-chevron-double-right\"><\/i>\n      <\/button>\n    <\/div>\n  <\/div>\n<\/div><div class=\"wpcf7-response-output\" aria-hidden=\"true\"><\/div>\n<\/form>\n<\/div>\n                            <\/div>\r\n                        <\/div>\r\n                        <div class=\"col-xl-7 col-lg-7 lg-mb-30\">\r\n                            <div class=\"contact__page-info\">\r\n                                <h2 class=\"mb-60 lg-mb-30\">Get in touch with us<\/h2>\r\n                                                                    <div class=\"contact__page-info-item\">\r\n                                        <h6> Address<span>:<\/span><\/h6>\r\n                                        <span>Yukar\u0131 Hisar Mah, Hastane Cd. \u015eenel Plaza Kat:2 No:13, 07600 Manavgat\/Antalya<\/span>\r\n                                    <\/div>\r\n                                                                    <div class=\"contact__page-info-item\">\r\n                                        <h6>Email <span>:<\/span><\/h6>\r\n                                        <span>\t\t\t\t\t\t<a href=\"mailto:hello@etkasmile.com\">hello@etkasmile.com<\/a>\n\n\t\t\t\t\t\t\t<\/span>\r\n                                    <\/div>\r\n                                                                    <div class=\"contact__page-info-item\">\r\n                                        <h6>Phone<span>:<\/span><\/h6>\r\n                                        <span><a href=\"tel:+905393218008\">+90 (539) 321 80 08<\/a><\/span>\r\n                                    <\/div>\r\n                                                            <\/div>\r\n                        <\/div>\r\n                    <\/div>\r\n                <\/div>\r\n            <\/div>\r\n        \r\n        \r\n\t\t\t\t<\/div>\n\t\t\t\t<\/div>\n\t\t\t\t\t<\/div>\n\t\t<\/div>\n\t\t\t\t\t<\/div>\n\t\t<\/section>\n\t\t\t\t<section class=\"elementor-section elementor-top-section elementor-element elementor-element-1e8702e elementor-section-full_width elementor-hidden-desktop elementor-hidden-tablet elementor-hidden-mobile elementor-section-height-default elementor-section-height-default\" data-id=\"1e8702e\" data-element_type=\"section\">\n\t\t\t\t\t\t<div class=\"elementor-container elementor-column-gap-no\">\n\t\t\t\t\t<div class=\"elementor-column elementor-col-100 elementor-top-column elementor-element elementor-element-5ea4465\" data-id=\"5ea4465\" data-element_type=\"column\">\n\t\t\t<div class=\"elementor-widget-wrap elementor-element-populated\">\n\t\t\t\t\t\t<div class=\"elementor-element elementor-element-b77906b elementor-widget elementor-widget-google_maps\" data-id=\"b77906b\" data-element_type=\"widget\" data-widget_type=\"google_maps.default\">\n\t\t\t\t<div class=\"elementor-widget-container\">\n\t\t\t\t\t\t\t<div class=\"elementor-custom-embed\">\n\t\t\t<iframe loading=\"lazy\"\n\t\t\t\t\tsrc=\"https:\/\/maps.google.com\/maps?q=Di%C5%9F%20Hekimi%20Etka%20Bayrak&#038;t=m&#038;z=16&#038;output=embed&#038;iwloc=near\"\n\t\t\t\t\ttitle=\"Di\u015f Hekimi Etka Bayrak\"\n\t\t\t\t\taria-label=\"Di\u015f Hekimi Etka Bayrak\"\n\t\t\t><\/iframe>\n\t\t<\/div>\n\t\t\t\t\t\t<\/div>\n\t\t\t\t<\/div>\n\t\t\t\t\t<\/div>\n\t\t<\/div>\n\t\t\t\t\t<\/div>\n\t\t<\/section>\n\t\t\t\t<\/div>\n\t\t","protected":false},"excerpt":{"rendered":"<p>Contact us Submit Get in touch with us Address: Yukar\u0131 Hisar Mah, Hastane Cd. \u015eenel Plaza Kat:2 No:13, 07600 Manavgat\/Antalya Email : hello@etkasmile.com Phone: +90 (539) 321 80 08<\/p>\n","protected":false},"author":1,"featured_media":0,"parent":0,"menu_order":0,"comment_status":"closed","ping_status":"closed","template":"page-builder.php","meta":{"footnotes":""},"class_list":["post-7043","page","type-page","status-publish","hentry"],"yoast_head":"<!-- This site is optimized with the Yoast SEO plugin v26.0 - https:\/\/yoast.com\/wordpress\/plugins\/seo\/ -->\n<title>Contact - Etka Smile<\/title>\n<meta name=\"robots\" content=\"index, follow, max-snippet:-1, max-image-preview:large, max-video-preview:-1\" \/>\n<link rel=\"canonical\" href=\"https:\/\/etkasmile.com\/en\/iletisim\/\" \/>\n<meta property=\"og:locale\" content=\"en_US\" \/>\n<meta property=\"og:type\" content=\"article\" \/>\n<meta property=\"og:title\" content=\"Contact - Etka Smile\" \/>\n<meta property=\"og:description\" content=\"Contact us Submit Get in touch with us Address: Yukar\u0131 Hisar Mah, Hastane Cd. \u015eenel Plaza Kat:2 No:13, 07600 Manavgat\/Antalya Email : hello@etkasmile.com Phone: +90 (539) 321 80 08\" \/>\n<meta property=\"og:url\" content=\"https:\/\/etkasmile.com\/en\/iletisim\/\" \/>\n<meta property=\"og:site_name\" content=\"Etka Smile\" \/>\n<meta property=\"article:publisher\" content=\"https:\/\/www.facebook.com\/profile.php?id=100081589664908\" \/>\n<meta property=\"article:modified_time\" content=\"2023-10-25T23:04:00+00:00\" \/>\n<meta name=\"twitter:card\" content=\"summary_large_image\" \/>\n<script type=\"application\/ld+json\" class=\"yoast-schema-graph\">{\"@context\":\"https:\/\/schema.org\",\"@graph\":[{\"@type\":\"WebPage\",\"@id\":\"https:\/\/etkasmile.com\/en\/iletisim\/\",\"url\":\"https:\/\/etkasmile.com\/en\/iletisim\/\",\"name\":\"Contact - Etka Smile\",\"isPartOf\":{\"@id\":\"https:\/\/etkasmile.com\/#website\"},\"datePublished\":\"2023-01-21T10:34:41+00:00\",\"dateModified\":\"2023-10-25T23:04:00+00:00\",\"breadcrumb\":{\"@id\":\"https:\/\/etkasmile.com\/en\/iletisim\/#breadcrumb\"},\"inLanguage\":\"en-US\",\"potentialAction\":[{\"@type\":\"ReadAction\",\"target\":[\"https:\/\/etkasmile.com\/en\/iletisim\/\"]}]},{\"@type\":\"BreadcrumbList\",\"@id\":\"https:\/\/etkasmile.com\/en\/iletisim\/#breadcrumb\",\"itemListElement\":[{\"@type\":\"ListItem\",\"position\":1,\"name\":\"Anasayfa\",\"item\":\"https:\/\/etkasmile.com\/\"},{\"@type\":\"ListItem\",\"position\":2,\"name\":\"Contact\"}]},{\"@type\":\"WebSite\",\"@id\":\"https:\/\/etkasmile.com\/#website\",\"url\":\"https:\/\/etkasmile.com\/\",\"name\":\"Etka Smile\",\"description\":\"G\u00fcl\u00fc\u015f\u00fcn\u00fcz Bizim En B\u00fcy\u00fck Ba\u015far\u0131m\u0131z\",\"publisher\":{\"@id\":\"https:\/\/etkasmile.com\/#organization\"},\"potentialAction\":[{\"@type\":\"SearchAction\",\"target\":{\"@type\":\"EntryPoint\",\"urlTemplate\":\"https:\/\/etkasmile.com\/?s={search_term_string}\"},\"query-input\":{\"@type\":\"PropertyValueSpecification\",\"valueRequired\":true,\"valueName\":\"search_term_string\"}}],\"inLanguage\":\"en-US\"},{\"@type\":\"Organization\",\"@id\":\"https:\/\/etkasmile.com\/#organization\",\"name\":\"Etka Smile\",\"url\":\"https:\/\/etkasmile.com\/\",\"logo\":{\"@type\":\"ImageObject\",\"inLanguage\":\"en-US\",\"@id\":\"https:\/\/etkasmile.com\/#\/schema\/logo\/image\/\",\"url\":\"https:\/\/etkasmile.com\/wp-content\/uploads\/2023\/08\/Asset-4.png\",\"contentUrl\":\"https:\/\/etkasmile.com\/wp-content\/uploads\/2023\/08\/Asset-4.png\",\"width\":2202,\"height\":507,\"caption\":\"Etka Smile\"},\"image\":{\"@id\":\"https:\/\/etkasmile.com\/#\/schema\/logo\/image\/\"},\"sameAs\":[\"https:\/\/www.facebook.com\/profile.php?id=100081589664908\",\"https:\/\/www.instagram.com\/manavgat.disklinigi\/\"]}]}<\/script>\n<!-- \/ Yoast SEO plugin. -->","yoast_head_json":{"title":"Contact - Etka Smile","robots":{"index":"index","follow":"follow","max-snippet":"max-snippet:-1","max-image-preview":"max-image-preview:large","max-video-preview":"max-video-preview:-1"},"canonical":"https:\/\/etkasmile.com\/en\/iletisim\/","og_locale":"en_US","og_type":"article","og_title":"Contact - Etka Smile","og_description":"Contact us Submit Get in touch with us Address: Yukar\u0131 Hisar Mah, Hastane Cd. \u015eenel Plaza Kat:2 No:13, 07600 Manavgat\/Antalya Email : hello@etkasmile.com Phone: +90 (539) 321 80 08","og_url":"https:\/\/etkasmile.com\/en\/iletisim\/","og_site_name":"Etka Smile","article_publisher":"https:\/\/www.facebook.com\/profile.php?id=100081589664908","article_modified_time":"2023-10-25T23:04:00+00:00","twitter_card":"summary_large_image","schema":{"@context":"https:\/\/schema.org","@graph":[{"@type":"WebPage","@id":"https:\/\/etkasmile.com\/en\/iletisim\/","url":"https:\/\/etkasmile.com\/en\/iletisim\/","name":"Contact - Etka Smile","isPartOf":{"@id":"https:\/\/etkasmile.com\/#website"},"datePublished":"2023-01-21T10:34:41+00:00","dateModified":"2023-10-25T23:04:00+00:00","breadcrumb":{"@id":"https:\/\/etkasmile.com\/en\/iletisim\/#breadcrumb"},"inLanguage":"en-US","potentialAction":[{"@type":"ReadAction","target":["https:\/\/etkasmile.com\/en\/iletisim\/"]}]},{"@type":"BreadcrumbList","@id":"https:\/\/etkasmile.com\/en\/iletisim\/#breadcrumb","itemListElement":[{"@type":"ListItem","position":1,"name":"Anasayfa","item":"https:\/\/etkasmile.com\/"},{"@type":"ListItem","position":2,"name":"Contact"}]},{"@type":"WebSite","@id":"https:\/\/etkasmile.com\/#website","url":"https:\/\/etkasmile.com\/","name":"Etka Smile","description":"G\u00fcl\u00fc\u015f\u00fcn\u00fcz Bizim En B\u00fcy\u00fck Ba\u015far\u0131m\u0131z","publisher":{"@id":"https:\/\/etkasmile.com\/#organization"},"potentialAction":[{"@type":"SearchAction","target":{"@type":"EntryPoint","urlTemplate":"https:\/\/etkasmile.com\/?s={search_term_string}"},"query-input":{"@type":"PropertyValueSpecification","valueRequired":true,"valueName":"search_term_string"}}],"inLanguage":"en-US"},{"@type":"Organization","@id":"https:\/\/etkasmile.com\/#organization","name":"Etka Smile","url":"https:\/\/etkasmile.com\/","logo":{"@type":"ImageObject","inLanguage":"en-US","@id":"https:\/\/etkasmile.com\/#\/schema\/logo\/image\/","url":"https:\/\/etkasmile.com\/wp-content\/uploads\/2023\/08\/Asset-4.png","contentUrl":"https:\/\/etkasmile.com\/wp-content\/uploads\/2023\/08\/Asset-4.png","width":2202,"height":507,"caption":"Etka Smile"},"image":{"@id":"https:\/\/etkasmile.com\/#\/schema\/logo\/image\/"},"sameAs":["https:\/\/www.facebook.com\/profile.php?id=100081589664908","https:\/\/www.instagram.com\/manavgat.disklinigi\/"]}]}},"_links":{"self":[{"href":"https:\/\/etkasmile.com\/en\/wp-json\/wp\/v2\/pages\/7043","targetHints":{"allow":["GET"]}}],"collection":[{"href":"https:\/\/etkasmile.com\/en\/wp-json\/wp\/v2\/pages"}],"about":[{"href":"https:\/\/etkasmile.com\/en\/wp-json\/wp\/v2\/types\/page"}],"author":[{"embeddable":true,"href":"https:\/\/etkasmile.com\/en\/wp-json\/wp\/v2\/users\/1"}],"replies":[{"embeddable":true,"href":"https:\/\/etkasmile.com\/en\/wp-json\/wp\/v2\/comments?post=7043"}],"version-history":[{"count":0,"href":"https:\/\/etkasmile.com\/en\/wp-json\/wp\/v2\/pages\/7043\/revisions"}],"wp:attachment":[{"href":"https:\/\/etkasmile.com\/en\/wp-json\/wp\/v2\/media?parent=7043"}],"curies":[{"name":"wp","href":"https:\/\/api.w.org\/{rel}","templated":true}]}}